{"id":6522,"date":"2021-04-14T01:52:18","date_gmt":"2021-04-13T19:52:18","guid":{"rendered":"https:\/\/thepixelcurve.com\/wp\/edubin\/?page_id=6522"},"modified":"2024-05-20T17:31:36","modified_gmt":"2024-05-20T15:31:36","slug":"events-grid","status":"publish","type":"page","link":"https:\/\/investigacion.unah.edu.pe\/?page_id=6522","title":{"rendered":"Eventos"},"content":{"rendered":"\t\t<div data-elementor-type=\"wp-page\" data-elementor-id=\"6522\" class=\"elementor elementor-6522\">\n\t\t\t\t<div class=\"elementor-element elementor-element-9950232 e-flex e-con-boxed e-con e-parent\" data-id=\"9950232\" data-element_type=\"container\" data-e-type=\"container\">\n\t\t\t\t\t<div class=\"e-con-inner\">\n\t\t\t\t<div class=\"elementor-element elementor-element-9291317 elementor-widget elementor-widget-heading\" data-id=\"9291317\" data-element_type=\"widget\" data-e-type=\"widget\" data-widget_type=\"heading.default\">\n\t\t\t\t\t<h3 class=\"elementor-heading-title elementor-size-default\">II CONCURSO DE PROYECTOS DE INNOVACI\u00d3N<\/h3>\t\t\t\t<\/div>\n\t\t\t\t\t<\/div>\n\t\t\t\t<\/div>\n\t\t<div class=\"elementor-element elementor-element-a74a153 e-flex e-con-boxed e-con e-parent\" data-id=\"a74a153\" data-element_type=\"container\" data-e-type=\"container\">\n\t\t\t\t\t<div class=\"e-con-inner\">\n\t\t<div class=\"elementor-element elementor-element-c2e0d25 e-con-full e-flex e-con e-child\" data-id=\"c2e0d25\" data-element_type=\"container\" data-e-type=\"container\">\n\t\t\t\t<div class=\"elementor-element elementor-element-4eff02a elementor-widget elementor-widget-image\" data-id=\"4eff02a\" data-element_type=\"widget\" data-e-type=\"widget\" data-widget_type=\"image.default\">\n\t\t\t\t\t\t\t\t\t\t\t\t\t\t\t<img fetchpriority=\"high\" decoding=\"async\" width=\"640\" height=\"895\" src=\"https:\/\/investigacion.unah.edu.pe\/wp-content\/uploads\/2024\/04\/final-732x1024.png\" class=\"attachment-large size-large wp-image-15873\" alt=\"\" srcset=\"https:\/\/investigacion.unah.edu.pe\/wp-content\/uploads\/2024\/04\/final-732x1024.png 732w, https:\/\/investigacion.unah.edu.pe\/wp-content\/uploads\/2024\/04\/final-214x300.png 214w, https:\/\/investigacion.unah.edu.pe\/wp-content\/uploads\/2024\/04\/final-768x1074.png 768w, https:\/\/investigacion.unah.edu.pe\/wp-content\/uploads\/2024\/04\/final-71x100.png 71w, https:\/\/investigacion.unah.edu.pe\/wp-content\/uploads\/2024\/04\/final-1098x1536.png 1098w, https:\/\/investigacion.unah.edu.pe\/wp-content\/uploads\/2024\/04\/final-1464x2048.png 1464w, https:\/\/investigacion.unah.edu.pe\/wp-content\/uploads\/2024\/04\/final-300x420.png 300w, https:\/\/investigacion.unah.edu.pe\/wp-content\/uploads\/2024\/04\/final-600x839.png 600w\" sizes=\"(max-width: 640px) 100vw, 640px\" \/>\t\t\t\t\t\t\t\t\t\t\t\t\t\t\t<\/div>\n\t\t\t\t<\/div>\n\t\t<div class=\"elementor-element elementor-element-77a4e42 e-con-full e-flex e-con e-child\" data-id=\"77a4e42\" data-element_type=\"container\" data-e-type=\"container\">\n\t\t<div class=\"elementor-element elementor-element-f514128 e-flex e-con-boxed e-con e-child\" data-id=\"f514128\" data-element_type=\"container\" data-e-type=\"container\">\n\t\t\t\t\t<div class=\"e-con-inner\">\n\t\t\t\t<div class=\"elementor-element elementor-element-19dc5d9 elementor-widget elementor-widget-text-editor\" data-id=\"19dc5d9\" data-element_type=\"widget\" data-e-type=\"widget\" data-widget_type=\"text-editor.default\">\n\t\t\t\t\t\t\t\t\t<p style=\"text-align: justify;\">La Direcci\u00f3n de Innovaci\u00f3n y Transferencia Tecnol\u00f3gica con la finalidad de incentivar la innovaci\u00f3n tecnol\u00f3gica de alto nivel en los estudiantes de las tres carreras Profesionales que oferta la Universidad Nacional Aut\u00f3noma de Huanta (UNAH), con enfoque en las l\u00edneas estrat\u00e9gicas, para conocer los avances cient\u00edficos en campo tem\u00e1tico orientadas a desarrollo tecnol\u00f3gico dura y blanda, basada en evidencias demostradas.<\/p><p style=\"text-align: justify;\">La direcci\u00f3n de Innovaci\u00f3n y Transferencia Tecnol\u00f3gica (DITT), quien dentro de sus funciones es desarrollar concurso de iniciativas innovadores que busquen resolver problemas sociales, econ\u00f3micos y ambientales encontradas en la provincia de Huanta regi\u00f3n Ayacucho y del pa\u00eds, para cumplir esta funci\u00f3n encargada esta direcci\u00f3n organiza el II Concurso de Proyectos de Innovaci\u00f3n.<\/p><p style=\"text-align: justify;\">El concurso est\u00e1 dirigido a los estudiantes de las tres escuelas profesionales de la UNAH, que tengan el inter\u00e9s de poner a prueba sus productos a una poblaci\u00f3n objetiva y que resuelvan problemas que se observa en la Provincia de Huanta regi\u00f3n Ayacucho, con el fin de que estos productos inicien con un emprendimiento.<\/p>\t\t\t\t\t\t\t\t<\/div>\n\t\t\t\t\t<\/div>\n\t\t\t\t<\/div>\n\t\t<div class=\"elementor-element elementor-element-8b3dea1 e-flex e-con-boxed e-con e-child\" data-id=\"8b3dea1\" data-element_type=\"container\" data-e-type=\"container\">\n\t\t\t\t\t<div class=\"e-con-inner\">\n\t\t\t\t<div class=\"elementor-element elementor-element-aca513a elementor-widget elementor-widget-text-editor\" data-id=\"aca513a\" data-element_type=\"widget\" data-e-type=\"widget\" data-widget_type=\"text-editor.default\">\n\t\t\t\t\t\t\t\t\t<p><strong>Objetivo General<\/strong><\/p><p style=\"text-align: justify;\">Promover la Innovaci\u00f3n mediante selecci\u00f3n de propuestas que garanticen la producci\u00f3n de nuevos conocimientos propuestas acorde a las l\u00edneas estrat\u00e9gicas, y que contribuya principalmente con la soluci\u00f3n de problemas de la provincia de Huanta, regi\u00f3n Ayacucho y del pa\u00eds<\/p>\t\t\t\t\t\t\t\t<\/div>\n\t\t\t\t\t<\/div>\n\t\t\t\t<\/div>\n\t\t\t\t<\/div>\n\t\t\t\t\t<\/div>\n\t\t\t\t<\/div>\n\t\t<div class=\"elementor-element elementor-element-64ffc0f e-flex e-con-boxed e-con e-parent\" data-id=\"64ffc0f\" data-element_type=\"container\" data-e-type=\"container\">\n\t\t\t\t\t<div class=\"e-con-inner\">\n\t\t\t\t<div class=\"elementor-element elementor-element-eff5773 elementor-widget__width-initial elementor-icon-list--layout-traditional elementor-list-item-link-full_width elementor-widget elementor-widget-icon-list\" data-id=\"eff5773\" data-element_type=\"widget\" data-e-type=\"widget\" data-widget_type=\"icon-list.default\">\n\t\t\t\t\t\t\t<ul class=\"elementor-icon-list-items\">\n\t\t\t\t\t\t\t<li class=\"elementor-icon-list-item\">\n\t\t\t\t\t\t\t\t\t\t\t<span class=\"elementor-icon-list-icon\">\n\t\t\t\t\t\t\t<svg aria-hidden=\"true\" class=\"e-font-icon-svg e-fas-download\" viewBox=\"0 0 512 512\" xmlns=\"http:\/\/www.w3.org\/2000\/svg\"><path d=\"M216 0h80c13.3 0 24 10.7 24 24v168h87.7c17.8 0 26.7 21.5 14.1 34.1L269.7 378.3c-7.5 7.5-19.8 7.5-27.3 0L90.1 226.1c-12.6-12.6-3.7-34.1 14.1-34.1H192V24c0-13.3 10.7-24 24-24zm296 376v112c0 13.3-10.7 24-24 24H24c-13.3 0-24-10.7-24-24V376c0-13.3 10.7-24 24-24h146.7l49 49c20.1 20.1 52.5 20.1 72.6 0l49-49H488c13.3 0 24 10.7 24 24zm-124 88c0-11-9-20-20-20s-20 9-20 20 9 20 20 20 20-9 20-20zm64 0c0-11-9-20-20-20s-20 9-20 20 9 20 20 20 20-9 20-20z\"><\/path><\/svg>\t\t\t\t\t\t<\/span>\n\t\t\t\t\t\t\t\t\t\t<span class=\"elementor-icon-list-text\">Descargar Bases<\/span>\n\t\t\t\t\t\t\t\t\t<\/li>\n\t\t\t\t\t\t\t\t<li class=\"elementor-icon-list-item\">\n\t\t\t\t\t\t\t\t\t\t\t<span class=\"elementor-icon-list-icon\">\n\t\t\t\t\t\t\t<svg aria-hidden=\"true\" class=\"e-font-icon-svg e-fas-paperclip\" viewBox=\"0 0 448 512\" xmlns=\"http:\/\/www.w3.org\/2000\/svg\"><path d=\"M43.246 466.142c-58.43-60.289-57.341-157.511 1.386-217.581L254.392 34c44.316-45.332 116.351-45.336 160.671 0 43.89 44.894 43.943 117.329 0 162.276L232.214 383.128c-29.855 30.537-78.633 30.111-107.982-.998-28.275-29.97-27.368-77.473 1.452-106.953l143.743-146.835c6.182-6.314 16.312-6.422 22.626-.241l22.861 22.379c6.315 6.182 6.422 16.312.241 22.626L171.427 319.927c-4.932 5.045-5.236 13.428-.648 18.292 4.372 4.634 11.245 4.711 15.688.165l182.849-186.851c19.613-20.062 19.613-52.725-.011-72.798-19.189-19.627-49.957-19.637-69.154 0L90.39 293.295c-34.763 35.56-35.299 93.12-1.191 128.313 34.01 35.093 88.985 35.137 123.058.286l172.06-175.999c6.177-6.319 16.307-6.433 22.626-.256l22.877 22.364c6.319 6.177 6.434 16.307.256 22.626l-172.06 175.998c-59.576 60.938-155.943 60.216-214.77-.485z\"><\/path><\/svg>\t\t\t\t\t\t<\/span>\n\t\t\t\t\t\t\t\t\t\t<span class=\"elementor-icon-list-text\">Presentaci\u00f3n de Proyecto<\/span>\n\t\t\t\t\t\t\t\t\t<\/li>\n\t\t\t\t\t\t\t\t<li class=\"elementor-icon-list-item\">\n\t\t\t\t\t\t\t\t\t\t\t<span class=\"elementor-icon-list-icon\">\n\t\t\t\t\t\t\t<svg aria-hidden=\"true\" class=\"e-font-icon-svg e-fas-republican\" viewBox=\"0 0 640 512\" xmlns=\"http:\/\/www.w3.org\/2000\/svg\"><path d=\"M544 192c0-88.4-71.6-160-160-160H160C71.6 32 0 103.6 0 192v64h544v-64zm-367.7-21.6l-19.8 19.3 4.7 27.3c.8 4.9-4.3 8.6-8.7 6.3L128 210.4l-24.5 12.9c-4.3 2.3-9.5-1.4-8.7-6.3l4.7-27.3-19.8-19.3c-3.6-3.5-1.6-9.5 3.3-10.2l27.4-4 12.2-24.8c2.2-4.5 8.6-4.4 10.7 0l12.2 24.8 27.4 4c5 .7 6.9 6.7 3.4 10.2zm144 0l-19.8 19.3 4.7 27.3c.8 4.9-4.3 8.6-8.7 6.3L272 210.4l-24.5 12.9c-4.3 2.3-9.5-1.4-8.7-6.3l4.7-27.3-19.8-19.3c-3.6-3.5-1.6-9.5 3.3-10.2l27.4-4 12.2-24.8c2.2-4.5 8.6-4.4 10.7 0l12.2 24.8 27.4 4c5 .7 6.9 6.7 3.4 10.2zm144 0l-19.8 19.3 4.7 27.3c.8 4.9-4.3 8.6-8.7 6.3L416 210.4l-24.5 12.9c-4.3 2.3-9.5-1.4-8.7-6.3l4.7-27.3-19.8-19.3c-3.6-3.5-1.6-9.5 3.3-10.2l27.4-4 12.2-24.8c2.2-4.5 8.6-4.4 10.7 0l12.2 24.8 27.4 4c5 .7 6.9 6.7 3.4 10.2zM624 320h-32c-8.8 0-16 7.2-16 16v64c0 8.8-7.2 16-16 16s-16-7.2-16-16V288H0v176c0 8.8 7.2 16 16 16h96c8.8 0 16-7.2 16-16v-80h192v80c0 8.8 7.2 16 16 16h96c8.8 0 16-7.2 16-16V352h32v43.3c0 41.8 30 80.1 71.6 84.3 47.8 4.9 88.4-32.7 88.4-79.6v-64c0-8.8-7.2-16-16-16z\"><\/path><\/svg>\t\t\t\t\t\t<\/span>\n\t\t\t\t\t\t\t\t\t\t<span class=\"elementor-icon-list-text\">Publicac\u00f3n de resultados<\/span>\n\t\t\t\t\t\t\t\t\t<\/li>\n\t\t\t\t\t\t\t\t<li class=\"elementor-icon-list-item\">\n\t\t\t\t\t\t\t\t\t\t\t<span class=\"elementor-icon-list-icon\">\n\t\t\t\t\t\t\t<svg aria-hidden=\"true\" class=\"e-font-icon-svg e-far-folder-open\" viewBox=\"0 0 576 512\" xmlns=\"http:\/\/www.w3.org\/2000\/svg\"><path d=\"M527.9 224H480v-48c0-26.5-21.5-48-48-48H272l-64-64H48C21.5 64 0 85.5 0 112v288c0 26.5 21.5 48 48 48h400c16.5 0 31.9-8.5 40.7-22.6l79.9-128c20-31.9-3-73.4-40.7-73.4zM48 118c0-3.3 2.7-6 6-6h134.1l64 64H426c3.3 0 6 2.7 6 6v42H152c-16.8 0-32.4 8.8-41.1 23.2L48 351.4zm400 282H72l77.2-128H528z\"><\/path><\/svg>\t\t\t\t\t\t<\/span>\n\t\t\t\t\t\t\t\t\t\t<span class=\"elementor-icon-list-text\">Presentaci\u00f3n 1er Informe<\/span>\n\t\t\t\t\t\t\t\t\t<\/li>\n\t\t\t\t\t\t\t\t<li class=\"elementor-icon-list-item\">\n\t\t\t\t\t\t\t\t\t\t\t<span class=\"elementor-icon-list-icon\">\n\t\t\t\t\t\t\t<svg aria-hidden=\"true\" class=\"e-font-icon-svg e-far-folder-open\" viewBox=\"0 0 576 512\" xmlns=\"http:\/\/www.w3.org\/2000\/svg\"><path d=\"M527.9 224H480v-48c0-26.5-21.5-48-48-48H272l-64-64H48C21.5 64 0 85.5 0 112v288c0 26.5 21.5 48 48 48h400c16.5 0 31.9-8.5 40.7-22.6l79.9-128c20-31.9-3-73.4-40.7-73.4zM48 118c0-3.3 2.7-6 6-6h134.1l64 64H426c3.3 0 6 2.7 6 6v42H152c-16.8 0-32.4 8.8-41.1 23.2L48 351.4zm400 282H72l77.2-128H528z\"><\/path><\/svg>\t\t\t\t\t\t<\/span>\n\t\t\t\t\t\t\t\t\t\t<span class=\"elementor-icon-list-text\">Presentaci\u00f3n 2do Informe<\/span>\n\t\t\t\t\t\t\t\t\t<\/li>\n\t\t\t\t\t\t\t\t<li class=\"elementor-icon-list-item\">\n\t\t\t\t\t\t\t\t\t\t\t<span class=\"elementor-icon-list-icon\">\n\t\t\t\t\t\t\t<svg aria-hidden=\"true\" class=\"e-font-icon-svg e-far-folder-open\" viewBox=\"0 0 576 512\" xmlns=\"http:\/\/www.w3.org\/2000\/svg\"><path d=\"M527.9 224H480v-48c0-26.5-21.5-48-48-48H272l-64-64H48C21.5 64 0 85.5 0 112v288c0 26.5 21.5 48 48 48h400c16.5 0 31.9-8.5 40.7-22.6l79.9-128c20-31.9-3-73.4-40.7-73.4zM48 118c0-3.3 2.7-6 6-6h134.1l64 64H426c3.3 0 6 2.7 6 6v42H152c-16.8 0-32.4 8.8-41.1 23.2L48 351.4zm400 282H72l77.2-128H528z\"><\/path><\/svg>\t\t\t\t\t\t<\/span>\n\t\t\t\t\t\t\t\t\t\t<span class=\"elementor-icon-list-text\">Informe Final<\/span>\n\t\t\t\t\t\t\t\t\t<\/li>\n\t\t\t\t\t\t<\/ul>\n\t\t\t\t\t\t<\/div>\n\t\t<div class=\"elementor-element elementor-element-aae7cdd e-con-full e-flex e-con e-child\" data-id=\"aae7cdd\" data-element_type=\"container\" data-e-type=\"container\">\n\t\t\t\t<div class=\"elementor-element elementor-element-e54c3c2 elementor-widget elementor-widget-button\" data-id=\"e54c3c2\" data-element_type=\"widget\" data-e-type=\"widget\" data-widget_type=\"button.default\">\n\t\t\t\t\t\t\t\t\t\t<a class=\"elementor-button elementor-button-link elementor-size-sm\" href=\"https:\/\/drive.google.com\/file\/d\/1m_qJ9Oi2LKCpkjYCXp6xM-1U-hFFgZmu\/view?usp=sharing\" target=\"_blank\">\n\t\t\t\t\t\t<span class=\"elementor-button-content-wrapper\">\n\t\t\t\t\t\t\t\t\t<span class=\"elementor-button-text\">Haz clic aqu\u00ed<\/span>\n\t\t\t\t\t<\/span>\n\t\t\t\t\t<\/a>\n\t\t\t\t\t\t\t\t<\/div>\n\t\t\t\t<div class=\"elementor-element elementor-element-377b7ca elementor-widget elementor-widget-button\" data-id=\"377b7ca\" data-element_type=\"widget\" data-e-type=\"widget\" data-widget_type=\"button.default\">\n\t\t\t\t\t\t\t\t\t\t<a class=\"elementor-button elementor-button-link elementor-size-sm\" href=\"https:\/\/forms.gle\/TyS68bwwWee3QC2J7\" target=\"_blank\">\n\t\t\t\t\t\t<span class=\"elementor-button-content-wrapper\">\n\t\t\t\t\t\t\t\t\t<span class=\"elementor-button-text\">Haz clic aqu\u00ed<\/span>\n\t\t\t\t\t<\/span>\n\t\t\t\t\t<\/a>\n\t\t\t\t\t\t\t\t<\/div>\n\t\t\t\t<div class=\"elementor-element elementor-element-bdf9d3b elementor-widget elementor-widget-button\" data-id=\"bdf9d3b\" data-element_type=\"widget\" data-e-type=\"widget\" data-widget_type=\"button.default\">\n\t\t\t\t\t\t\t\t\t\t<a class=\"elementor-button elementor-button-link elementor-size-sm\" href=\"#\">\n\t\t\t\t\t\t<span class=\"elementor-button-content-wrapper\">\n\t\t\t\t\t\t\t\t\t<span class=\"elementor-button-text\">Haz clic aqu\u00ed<\/span>\n\t\t\t\t\t<\/span>\n\t\t\t\t\t<\/a>\n\t\t\t\t\t\t\t\t<\/div>\n\t\t\t\t<div class=\"elementor-element elementor-element-307c2db elementor-widget elementor-widget-button\" data-id=\"307c2db\" data-element_type=\"widget\" data-e-type=\"widget\" data-widget_type=\"button.default\">\n\t\t\t\t\t\t\t\t\t\t<a class=\"elementor-button elementor-button-link elementor-size-sm\" href=\"#\">\n\t\t\t\t\t\t<span class=\"elementor-button-content-wrapper\">\n\t\t\t\t\t\t\t\t\t<span class=\"elementor-button-text\">Haz clic aqu\u00ed<\/span>\n\t\t\t\t\t<\/span>\n\t\t\t\t\t<\/a>\n\t\t\t\t\t\t\t\t<\/div>\n\t\t\t\t<div class=\"elementor-element elementor-element-b632bed elementor-widget elementor-widget-button\" data-id=\"b632bed\" data-element_type=\"widget\" data-e-type=\"widget\" data-widget_type=\"button.default\">\n\t\t\t\t\t\t\t\t\t\t<a class=\"elementor-button elementor-button-link elementor-size-sm\" href=\"#\">\n\t\t\t\t\t\t<span class=\"elementor-button-content-wrapper\">\n\t\t\t\t\t\t\t\t\t<span class=\"elementor-button-text\">Haz clic aqu\u00ed<\/span>\n\t\t\t\t\t<\/span>\n\t\t\t\t\t<\/a>\n\t\t\t\t\t\t\t\t<\/div>\n\t\t\t\t<div class=\"elementor-element elementor-element-ad67afd elementor-widget elementor-widget-button\" data-id=\"ad67afd\" data-element_type=\"widget\" data-e-type=\"widget\" data-widget_type=\"button.default\">\n\t\t\t\t\t\t\t\t\t\t<a class=\"elementor-button elementor-button-link elementor-size-sm\" href=\"#\">\n\t\t\t\t\t\t<span class=\"elementor-button-content-wrapper\">\n\t\t\t\t\t\t\t\t\t<span class=\"elementor-button-text\">Haz clic aqu\u00ed<\/span>\n\t\t\t\t\t<\/span>\n\t\t\t\t\t<\/a>\n\t\t\t\t\t\t\t\t<\/div>\n\t\t\t\t<\/div>\n\t\t<div class=\"elementor-element elementor-element-99de44a e-con-full e-flex e-con e-child\" data-id=\"99de44a\" data-element_type=\"container\" data-e-type=\"container\">\n\t\t\t\t<div class=\"elementor-element elementor-element-73c21bf elementor-widget elementor-widget-text-editor\" data-id=\"73c21bf\" data-element_type=\"widget\" data-e-type=\"widget\" data-widget_type=\"text-editor.default\">\n\t\t\t\t\t\t\t\t\t<p><strong>Requisitos de los participantes<\/strong><\/p><p style=\"text-align: justify;\">Podr\u00e1n participar en el presente concurso los estudiantes de pregrado con matr\u00edcula vigente a partir de VI ciclo, que cuenten con un proyecto con potencial de innovaci\u00f3n que se encuentre m\u00ednimo en un nivel de madurez tecnol\u00f3gica 2 (TRL 2): Formulaci\u00f3n del concepto o aplicaci\u00f3n de la propuesta tecnol\u00f3gica) de acuerdo con la escala establecida por CONCYTEC, la cual puede ser revisada en la siguiente direcci\u00f3n:\u00a0 \u00a0 \u00a0 \u00a0 \u00a0<\/p><p style=\"text-align: justify;\">https:\/\/vinculate.concytec.gob.pe\/niveles-de-madurez\/.<\/p><p>\u00a0<\/p>\t\t\t\t\t\t\t\t<\/div>\n\t\t\t\t<\/div>\n\t\t\t\t\t<\/div>\n\t\t\t\t<\/div>\n\t\t<div class=\"elementor-element elementor-element-7748d16 e-flex e-con-boxed e-con e-parent\" data-id=\"7748d16\" data-element_type=\"container\" data-e-type=\"container\">\n\t\t\t\t\t<div class=\"e-con-inner\">\n\t\t<div class=\"elementor-element elementor-element-010de26 e-con-full e-flex e-con e-child\" data-id=\"010de26\" data-element_type=\"container\" data-e-type=\"container\">\n\t\t\t\t<\/div>\n\t\t<div class=\"elementor-element elementor-element-8a852bf e-con-full e-flex e-con e-child\" data-id=\"8a852bf\" data-element_type=\"container\" data-e-type=\"container\">\n\t\t\t\t<\/div>\n\t\t\t\t\t<\/div>\n\t\t\t\t<\/div>\n\t\t<div class=\"elementor-element elementor-element-55a761c e-flex e-con-boxed e-con e-parent\" data-id=\"55a761c\" data-element_type=\"container\" data-e-type=\"container\">\n\t\t\t\t\t<div class=\"e-con-inner\">\n\t\t\t\t<div class=\"elementor-element elementor-element-c03ad80 elementor-widget elementor-widget-heading\" data-id=\"c03ad80\" data-element_type=\"widget\" data-e-type=\"widget\" data-widget_type=\"heading.default\">\n\t\t\t\t\t<h3 class=\"elementor-heading-title elementor-size-default\">1er CONGRESO INTERNACIONAL DE INVESTIGACI\u00d3N E INNOVACI\u00d3N RICTA-2024<\/h3>\t\t\t\t<\/div>\n\t\t\t\t\t<\/div>\n\t\t\t\t<\/div>\n\t\t<div class=\"elementor-element elementor-element-68fcb9c e-flex e-con-boxed e-con e-parent\" data-id=\"68fcb9c\" data-element_type=\"container\" data-e-type=\"container\">\n\t\t\t\t\t<div class=\"e-con-inner\">\n\t\t<div class=\"elementor-element elementor-element-6a1c0cc e-con-full e-flex e-con e-child\" data-id=\"6a1c0cc\" data-element_type=\"container\" data-e-type=\"container\">\n\t\t\t\t<div class=\"elementor-element elementor-element-bf0143b elementor-widget elementor-widget-image\" data-id=\"bf0143b\" data-element_type=\"widget\" data-e-type=\"widget\" data-widget_type=\"image.default\">\n\t\t\t\t\t\t\t\t\t\t\t\t\t\t\t<img decoding=\"async\" width=\"640\" height=\"427\" src=\"https:\/\/investigacion.unah.edu.pe\/wp-content\/uploads\/2024\/03\/Grupo-de-22-objetos-1024x683.jpg\" class=\"attachment-large size-large wp-image-15712\" alt=\"\" srcset=\"https:\/\/investigacion.unah.edu.pe\/wp-content\/uploads\/2024\/03\/Grupo-de-22-objetos-1024x683.jpg 1024w, https:\/\/investigacion.unah.edu.pe\/wp-content\/uploads\/2024\/03\/Grupo-de-22-objetos-300x200.jpg 300w, https:\/\/investigacion.unah.edu.pe\/wp-content\/uploads\/2024\/03\/Grupo-de-22-objetos-768x512.jpg 768w, https:\/\/investigacion.unah.edu.pe\/wp-content\/uploads\/2024\/03\/Grupo-de-22-objetos-100x67.jpg 100w, https:\/\/investigacion.unah.edu.pe\/wp-content\/uploads\/2024\/03\/Grupo-de-22-objetos-1536x1024.jpg 1536w, https:\/\/investigacion.unah.edu.pe\/wp-content\/uploads\/2024\/03\/Grupo-de-22-objetos-2048x1365.jpg 2048w, https:\/\/investigacion.unah.edu.pe\/wp-content\/uploads\/2024\/03\/Grupo-de-22-objetos-600x400.jpg 600w\" sizes=\"(max-width: 640px) 100vw, 640px\" \/>\t\t\t\t\t\t\t\t\t\t\t\t\t\t\t<\/div>\n\t\t\t\t<\/div>\n\t\t<div class=\"elementor-element elementor-element-a130634 e-con-full e-flex e-con e-child\" data-id=\"a130634\" data-element_type=\"container\" data-e-type=\"container\">\n\t\t\t\t<div class=\"elementor-element elementor-element-bcee7aa elementor-widget elementor-widget-video\" data-id=\"bcee7aa\" data-element_type=\"widget\" data-e-type=\"widget\" data-settings=\"{&quot;youtube_url&quot;:&quot;https:\\\/\\\/www.youtube.com\\\/watch?v=XHOmBV4js_E&quot;,&quot;video_type&quot;:&quot;youtube&quot;,&quot;controls&quot;:&quot;yes&quot;}\" data-widget_type=\"video.default\">\n\t\t\t\t\t\t\t<div class=\"elementor-wrapper elementor-open-inline\">\n\t\t\t<div class=\"elementor-video\"><\/div>\t\t<\/div>\n\t\t\t\t\t\t<\/div>\n\t\t\t\t<\/div>\n\t\t<div class=\"elementor-element elementor-element-1cd9b3a e-con-full e-flex e-con e-child\" data-id=\"1cd9b3a\" data-element_type=\"container\" data-e-type=\"container\">\n\t\t\t\t<div class=\"elementor-element elementor-element-b7f90b2 elementor-arrows-position-inside elementor-pagination-position-outside elementor-widget elementor-widget-image-carousel\" data-id=\"b7f90b2\" data-element_type=\"widget\" data-e-type=\"widget\" data-settings=\"{&quot;navigation&quot;:&quot;both&quot;,&quot;autoplay&quot;:&quot;yes&quot;,&quot;pause_on_hover&quot;:&quot;yes&quot;,&quot;pause_on_interaction&quot;:&quot;yes&quot;,&quot;autoplay_speed&quot;:5000,&quot;infinite&quot;:&quot;yes&quot;,&quot;speed&quot;:500}\" data-widget_type=\"image-carousel.default\">\n\t\t\t\t\t\t\t<div class=\"elementor-image-carousel-wrapper swiper\" role=\"region\" aria-roledescription=\"carousel\" aria-label=\"Carrusel de im\u00e1genes\" dir=\"ltr\">\n\t\t\t<div class=\"elementor-image-carousel swiper-wrapper\" aria-live=\"off\">\n\t\t\t\t\t\t\t\t<div class=\"swiper-slide\" role=\"group\" aria-roledescription=\"slide\" aria-label=\"1 de 5\"><figure class=\"swiper-slide-inner\"><img decoding=\"async\" class=\"swiper-slide-image\" src=\"https:\/\/investigacion.unah.edu.pe\/wp-content\/uploads\/2024\/03\/IMG_2483-1024x683.jpg\" alt=\"IMG_2483\" \/><\/figure><\/div><div class=\"swiper-slide\" role=\"group\" aria-roledescription=\"slide\" aria-label=\"2 de 5\"><figure class=\"swiper-slide-inner\"><img decoding=\"async\" class=\"swiper-slide-image\" src=\"https:\/\/investigacion.unah.edu.pe\/wp-content\/uploads\/2024\/03\/DSC_0185-1024x683.jpg\" alt=\"DSC_0185\" \/><\/figure><\/div><div class=\"swiper-slide\" role=\"group\" aria-roledescription=\"slide\" aria-label=\"3 de 5\"><figure class=\"swiper-slide-inner\"><img decoding=\"async\" class=\"swiper-slide-image\" src=\"https:\/\/investigacion.unah.edu.pe\/wp-content\/uploads\/2024\/03\/DSC_0020-1024x683.jpg\" alt=\"DSC_0020\" \/><\/figure><\/div><div class=\"swiper-slide\" role=\"group\" aria-roledescription=\"slide\" aria-label=\"4 de 5\"><figure class=\"swiper-slide-inner\"><img decoding=\"async\" class=\"swiper-slide-image\" src=\"https:\/\/investigacion.unah.edu.pe\/wp-content\/uploads\/2024\/03\/Grupo-de-22-objetos-1024x683.jpg\" alt=\"Grupo de 22 objetos\" \/><\/figure><\/div><div class=\"swiper-slide\" role=\"group\" aria-roledescription=\"slide\" aria-label=\"5 de 5\"><figure class=\"swiper-slide-inner\"><img decoding=\"async\" class=\"swiper-slide-image\" src=\"https:\/\/investigacion.unah.edu.pe\/wp-content\/uploads\/2024\/03\/Grupo-de-38-objetos-1024x683.jpg\" alt=\"Grupo de 38 objetos\" \/><\/figure><\/div>\t\t\t<\/div>\n\t\t\t\t\t\t\t\t\t\t\t\t<div class=\"elementor-swiper-button elementor-swiper-button-prev\" role=\"button\" tabindex=\"0\">\n\t\t\t\t\t\t<svg aria-hidden=\"true\" class=\"e-font-icon-svg e-eicon-chevron-left\" viewBox=\"0 0 1000 1000\" xmlns=\"http:\/\/www.w3.org\/2000\/svg\"><path d=\"M646 125C629 125 613 133 604 142L308 442C296 454 292 471 292 487 292 504 296 521 308 533L604 854C617 867 629 875 646 875 663 875 679 871 692 858 704 846 713 829 713 812 713 796 708 779 692 767L438 487 692 225C700 217 708 204 708 187 708 171 704 154 692 142 675 129 663 125 646 125Z\"><\/path><\/svg>\t\t\t\t\t<\/div>\n\t\t\t\t\t<div class=\"elementor-swiper-button elementor-swiper-button-next\" role=\"button\" tabindex=\"0\">\n\t\t\t\t\t\t<svg aria-hidden=\"true\" class=\"e-font-icon-svg e-eicon-chevron-right\" viewBox=\"0 0 1000 1000\" xmlns=\"http:\/\/www.w3.org\/2000\/svg\"><path d=\"M696 533C708 521 713 504 713 487 713 471 708 454 696 446L400 146C388 133 375 125 354 125 338 125 325 129 313 142 300 154 292 171 292 187 292 204 296 221 308 233L563 492 304 771C292 783 288 800 288 817 288 833 296 850 308 863 321 871 338 875 354 875 371 875 388 867 400 854L696 533Z\"><\/path><\/svg>\t\t\t\t\t<\/div>\n\t\t\t\t\n\t\t\t\t\t\t\t\t\t<div class=\"swiper-pagination\"><\/div>\n\t\t\t\t\t\t\t\t\t<\/div>\n\t\t\t\t\t\t<\/div>\n\t\t\t\t<\/div>\n\t\t\t\t\t<\/div>\n\t\t\t\t<\/div>\n\t\t\t\t<\/div>\n\t\t","protected":false},"excerpt":{"rendered":"<p>II CONCURSO DE PROYECTOS DE INNOVACI\u00d3N La Direcci\u00f3n de Innovaci\u00f3n y Transferencia Tecnol\u00f3gica con la finalidad de incentivar la innovaci\u00f3n tecnol\u00f3gica de alto nivel en los estudiantes de las tres&#8230;<\/p>\n","protected":false},"author":1,"featured_media":0,"parent":0,"menu_order":0,"comment_status":"closed","ping_status":"closed","template":"","meta":{"footnotes":""},"class_list":["post-6522","page","type-page","status-publish","hentry"],"_links":{"self":[{"href":"https:\/\/investigacion.unah.edu.pe\/index.php?rest_route=\/wp\/v2\/pages\/6522","targetHints":{"allow":["GET"]}}],"collection":[{"href":"https:\/\/investigacion.unah.edu.pe\/index.php?rest_route=\/wp\/v2\/pages"}],"about":[{"href":"https:\/\/investigacion.unah.edu.pe\/index.php?rest_route=\/wp\/v2\/types\/page"}],"author":[{"embeddable":true,"href":"https:\/\/investigacion.unah.edu.pe\/index.php?rest_route=\/wp\/v2\/users\/1"}],"replies":[{"embeddable":true,"href":"https:\/\/investigacion.unah.edu.pe\/index.php?rest_route=%2Fwp%2Fv2%2Fcomments&post=6522"}],"version-history":[{"count":25,"href":"https:\/\/investigacion.unah.edu.pe\/index.php?rest_route=\/wp\/v2\/pages\/6522\/revisions"}],"predecessor-version":[{"id":15892,"href":"https:\/\/investigacion.unah.edu.pe\/index.php?rest_route=\/wp\/v2\/pages\/6522\/revisions\/15892"}],"wp:attachment":[{"href":"https:\/\/investigacion.unah.edu.pe\/index.php?rest_route=%2Fwp%2Fv2%2Fmedia&parent=6522"}],"curies":[{"name":"wp","href":"https:\/\/api.w.org\/{rel}","templated":true}]}}