{"id":15694,"date":"2024-03-19T14:10:59","date_gmt":"2024-03-19T13:10:59","guid":{"rendered":"https:\/\/136.115.255.251\/?page_id=15694"},"modified":"2024-03-19T17:27:15","modified_gmt":"2024-03-19T16:27:15","slug":"lineas-de-investigacion","status":"publish","type":"page","link":"https:\/\/investigacion.unah.edu.pe\/?page_id=15694","title":{"rendered":"L\u00edneas de Investigaci\u00f3n"},"content":{"rendered":"\t\t<div data-elementor-type=\"wp-page\" data-elementor-id=\"15694\" class=\"elementor elementor-15694\">\n\t\t\t\t<div class=\"elementor-element elementor-element-800302b e-flex e-con-boxed e-con e-parent\" data-id=\"800302b\" data-element_type=\"container\" data-e-type=\"container\">\n\t\t\t\t\t<div class=\"e-con-inner\">\n\t\t<div class=\"elementor-element elementor-element-e1e24e6 e-con-full e-flex e-con e-child\" data-id=\"e1e24e6\" data-element_type=\"container\" data-e-type=\"container\">\n\t\t\t\t<div class=\"elementor-element elementor-element-47d32da elementor-widget elementor-widget-image\" data-id=\"47d32da\" data-element_type=\"widget\" data-e-type=\"widget\" data-widget_type=\"image.default\">\n\t\t\t\t\t\t\t\t\t\t\t\t\t\t\t<img fetchpriority=\"high\" decoding=\"async\" width=\"640\" height=\"427\" src=\"https:\/\/investigacion.unah.edu.pe\/wp-content\/uploads\/2024\/03\/IMG_2483-1024x683.jpg\" class=\"attachment-large size-large wp-image-15697\" alt=\"\" srcset=\"https:\/\/investigacion.unah.edu.pe\/wp-content\/uploads\/2024\/03\/IMG_2483-1024x683.jpg 1024w, https:\/\/investigacion.unah.edu.pe\/wp-content\/uploads\/2024\/03\/IMG_2483-300x200.jpg 300w, https:\/\/investigacion.unah.edu.pe\/wp-content\/uploads\/2024\/03\/IMG_2483-768x512.jpg 768w, https:\/\/investigacion.unah.edu.pe\/wp-content\/uploads\/2024\/03\/IMG_2483-100x67.jpg 100w, https:\/\/investigacion.unah.edu.pe\/wp-content\/uploads\/2024\/03\/IMG_2483-1536x1024.jpg 1536w, https:\/\/investigacion.unah.edu.pe\/wp-content\/uploads\/2024\/03\/IMG_2483-2048x1365.jpg 2048w, https:\/\/investigacion.unah.edu.pe\/wp-content\/uploads\/2024\/03\/IMG_2483-600x400.jpg 600w\" sizes=\"(max-width: 640px) 100vw, 640px\" \/>\t\t\t\t\t\t\t\t\t\t\t\t\t\t\t<\/div>\n\t\t\t\t<\/div>\n\t\t<div class=\"elementor-element elementor-element-941f65e e-con-full e-flex e-con e-child\" data-id=\"941f65e\" data-element_type=\"container\" data-e-type=\"container\">\n\t\t\t\t<div class=\"elementor-element elementor-element-11f622c elementor-widget elementor-widget-image\" data-id=\"11f622c\" data-element_type=\"widget\" data-e-type=\"widget\" data-widget_type=\"image.default\">\n\t\t\t\t\t\t\t\t\t\t\t\t\t\t\t<img decoding=\"async\" width=\"640\" height=\"427\" src=\"https:\/\/investigacion.unah.edu.pe\/wp-content\/uploads\/2024\/03\/DSC_0185-1024x683.jpg\" class=\"attachment-large size-large wp-image-15698\" alt=\"\" srcset=\"https:\/\/investigacion.unah.edu.pe\/wp-content\/uploads\/2024\/03\/DSC_0185-1024x683.jpg 1024w, https:\/\/investigacion.unah.edu.pe\/wp-content\/uploads\/2024\/03\/DSC_0185-300x200.jpg 300w, https:\/\/investigacion.unah.edu.pe\/wp-content\/uploads\/2024\/03\/DSC_0185-768x512.jpg 768w, https:\/\/investigacion.unah.edu.pe\/wp-content\/uploads\/2024\/03\/DSC_0185-100x67.jpg 100w, https:\/\/investigacion.unah.edu.pe\/wp-content\/uploads\/2024\/03\/DSC_0185-1536x1024.jpg 1536w, https:\/\/investigacion.unah.edu.pe\/wp-content\/uploads\/2024\/03\/DSC_0185-2048x1365.jpg 2048w, https:\/\/investigacion.unah.edu.pe\/wp-content\/uploads\/2024\/03\/DSC_0185-600x400.jpg 600w\" sizes=\"(max-width: 640px) 100vw, 640px\" \/>\t\t\t\t\t\t\t\t\t\t\t\t\t\t\t<\/div>\n\t\t\t\t<\/div>\n\t\t<div class=\"elementor-element elementor-element-b1545f8 e-con-full e-flex e-con e-child\" data-id=\"b1545f8\" data-element_type=\"container\" data-e-type=\"container\">\n\t\t\t\t<div class=\"elementor-element elementor-element-9263944 elementor-widget elementor-widget-text-editor\" data-id=\"9263944\" data-element_type=\"widget\" data-e-type=\"widget\" data-widget_type=\"text-editor.default\">\n\t\t\t\t\t\t\t\t\t<p style=\"text-align: center;\">Con INFORME N\u00b0063-2022-UNAH\/VPI de fecha 05 de agosto se inform\u00f3 a su despacho que\u00a0<span style=\"color: var( --e-global-color-text ); font-family: var( --e-global-typography-text-font-family ), Sans-serif; font-weight: var( --e-global-typography-text-font-weight );\">mediante Resoluci\u00f3n de Vicepresidencia de Investigaci\u00f3n N\u00b0030-2022-UNAH del 28.06.2022 se\u00a0<\/span><span style=\"color: var( --e-global-color-text ); font-family: var( --e-global-typography-text-font-family ), Sans-serif; font-weight: var( --e-global-typography-text-font-weight );\">CONFORM\u00d3 el Comit\u00e9 Ad Hoc para actualizar, categorizar, priorizar e implementar de\u00a0<\/span><span style=\"color: var( --e-global-color-text ); font-family: var( --e-global-typography-text-font-family ), Sans-serif; font-weight: var( --e-global-typography-text-font-weight );\">L\u00edneas de Investigaci\u00f3n en la UNAH. Con dicho comit\u00e9 se han sostenido reuniones de trabajo a\u00a0<\/span><span style=\"color: var( --e-global-color-text ); font-family: var( --e-global-typography-text-font-family ), Sans-serif; font-weight: var( --e-global-typography-text-font-weight );\">fin de redefinir las l\u00edneas de investigaci\u00f3n, en base a la identificando las necesidades y demandas\u00a0<\/span><span style=\"color: var( --e-global-color-text ); font-family: var( --e-global-typography-text-font-family ), Sans-serif; font-weight: var( --e-global-typography-text-font-weight );\">de la regi\u00f3n y la producci\u00f3n cient\u00edfica generada por los docentes investigadores de las diferentes\u00a0<\/span><span style=\"color: var( --e-global-color-text ); font-family: var( --e-global-typography-text-font-family ), Sans-serif; font-weight: var( --e-global-typography-text-font-weight );\">escuelas profesionales. Para este trabajo se hizo una evaluaci\u00f3n previa de la producci\u00f3n cient\u00edfica\u00a0<\/span><span style=\"color: var( --e-global-color-text ); font-family: var( --e-global-typography-text-font-family ), Sans-serif; font-weight: var( --e-global-typography-text-font-weight );\">de los docentes, de los proyectos registrados en el Instituto de Investigaci\u00f3n, de proyectos de tesis\u00a0<\/span><span style=\"color: var( --e-global-color-text ); font-family: var( --e-global-typography-text-font-family ), Sans-serif; font-weight: var( --e-global-typography-text-font-weight );\">y art\u00edculos publicados en Scopus y WoS. Con esta informaci\u00f3n los coordinadores de las Unidades\u00a0<\/span><span style=\"color: var( --e-global-color-text ); font-family: var( --e-global-typography-text-font-family ), Sans-serif; font-weight: var( --e-global-typography-text-font-weight );\">de Investigaci\u00f3n de las diferentes Escuelas Profesionales determinaron la priorizaci\u00f3n de las\u00a0<\/span><span style=\"color: var( --e-global-color-text ); font-family: var( --e-global-typography-text-font-family ), Sans-serif; font-weight: var( --e-global-typography-text-font-weight );\">L\u00edneas de Investigaci\u00f3n y luego de sus sistematizaci\u00f3n se solicito la aprobaci\u00f3n de L\u00edneas de\u00a0<\/span><span style=\"color: var( --e-global-color-text ); font-family: var( --e-global-typography-text-font-family ), Sans-serif; font-weight: var( --e-global-typography-text-font-weight );\">Investigaci\u00f3n de la UNAH, de manera que, con RESOLUCI\u00d3N DE COMISI\u00d3N ORGANIZADORA\u00a0<\/span><span style=\"color: var( --e-global-color-text ); font-family: var( --e-global-typography-text-font-family ), Sans-serif; font-weight: var( --e-global-typography-text-font-weight );\">N\u00b0145-2022-UNAH de fecha 09 de agosto se aprob\u00f3 las l\u00edneas de investigaci\u00f3n en\u00a0<\/span><span style=\"color: var( --e-global-color-text ); font-family: var( --e-global-typography-text-font-family ), Sans-serif; font-weight: var( --e-global-typography-text-font-weight );\">correspondencia a las Escuelas Profesionales:<\/span><\/p><p style=\"text-align: justify;\">En la reuni\u00f3n, el Dr. Reynaldo Sucari, Coordinador de la Unidad de Investigaci\u00f3n de la EP-INAF\u00a0<span style=\"color: var( --e-global-color-text ); font-family: var( --e-global-typography-text-font-family ), Sans-serif; font-weight: var( --e-global-typography-text-font-weight );\">indic\u00f3 que la EP-INAF prioriz\u00f3, entre otras, la l\u00ednea de investigaci\u00f3n \u201cNegocios, Administraci\u00f3n\u201d y\u00a0<\/span><span style=\"color: var( --e-global-color-text ); font-family: var( --e-global-typography-text-font-family ), Sans-serif; font-weight: var( --e-global-typography-text-font-weight );\">no la l\u00ednea \u201cBiotecnolog\u00eda agr\u00edcola y biotecnolog\u00eda alimentaria\u201d, por lo que justifica la inclusi\u00f3n de\u00a0<\/span><span style=\"color: var( --e-global-color-text ); font-family: var( --e-global-typography-text-font-family ), Sans-serif; font-weight: var( --e-global-typography-text-font-weight );\">la l\u00ednea de investigaci\u00f3n \u201cNegocios, Administraci\u00f3n\u201d para la Escuela es Ingenier\u00eda de Negocios<\/span><\/p><p style=\"text-align: justify;\">Agron\u00f3micos y Forestales, adem\u00e1s de la Escuela de Administraci\u00f3n de Turismo Sostenible y\u00a0<span style=\"color: var( --e-global-color-text ); font-family: var( --e-global-typography-text-font-family ), Sans-serif; font-weight: var( --e-global-typography-text-font-weight );\">Hoteler\u00eda.<\/span><\/p><p style=\"text-align: justify;\">Ante la propuesta, el Comit\u00e9 Ad Hoc para actualizar, categorizar, priorizar e implementar de\u00a0<span style=\"color: var( --e-global-color-text ); font-family: var( --e-global-typography-text-font-family ), Sans-serif; font-weight: var( --e-global-typography-text-font-weight );\">L\u00edneas de Investigaci\u00f3n en la UNAH, acogi\u00f3 el pedido del Dr. Reynaldo Sucari Leon, llegando a\u00a0<\/span><span style=\"color: var( --e-global-color-text ); font-family: var( --e-global-typography-text-font-family ), Sans-serif; font-weight: var( --e-global-typography-text-font-weight );\">acordar:<\/span><\/p><p style=\"text-align: justify;\">1. Agregar a la EP-INAF la l\u00ednea de investigaci\u00f3n 5.02.04 Negocios Administraci\u00f3n, y retirar la\u00a0<span style=\"color: var( --e-global-color-text ); font-family: var( --e-global-typography-text-font-family ), Sans-serif; font-weight: var( --e-global-typography-text-font-weight );\">l\u00ednea de investigaci\u00f3n 4.04.01 Biotecnolog\u00eda Agr\u00edcola y Biotecnolog\u00eda Alimentaria.<\/span><\/p><p style=\"text-align: justify;\">2. Considerando que las l\u00edneas de investigaci\u00f3n son transversales en las diferentes escuelas\u00a0<span style=\"color: var( --e-global-color-text ); font-family: var( --e-global-typography-text-font-family ), Sans-serif; font-weight: var( --e-global-typography-text-font-weight );\">profesional y que las propuestas de investigaci\u00f3n deben ser multidisciplinarias y pertenecen\u00a0<\/span><span style=\"color: var( --e-global-color-text ); font-family: var( --e-global-typography-text-font-family ), Sans-serif; font-weight: var( --e-global-typography-text-font-weight );\">a una sola facultad, los docentes se deben adscribir como m\u00e1ximo a 02 l\u00edneas de Investigaci\u00f3n,\u00a0<\/span><span style=\"color: var( --e-global-color-text ); font-family: var( --e-global-typography-text-font-family ), Sans-serif; font-weight: var( --e-global-typography-text-font-weight );\">debiendo una de ellas pertenecer obligatoriamente a alguna l\u00ednea espec\u00edfica de su escuela\u00a0<\/span><span style=\"color: var( --e-global-color-text ); font-family: var( --e-global-typography-text-font-family ), Sans-serif; font-weight: var( --e-global-typography-text-font-weight );\">profesional.<\/span><\/p><p style=\"text-align: justify;\">La UNAH es una Universidad en formaci\u00f3n que cuenta con una sola facultad, as\u00ed mismo existen\u00a0<span style=\"color: var( --e-global-color-text ); font-family: var( --e-global-typography-text-font-family ), Sans-serif; font-weight: var( --e-global-typography-text-font-weight );\">l\u00edneas de investigaci\u00f3n transversales, este despacho se pronuncia y solicita la modificaci\u00f3n de la\u00a0<\/span><span style=\"color: var( --e-global-color-text ); font-family: var( --e-global-typography-text-font-family ), Sans-serif; font-weight: var( --e-global-typography-text-font-weight );\">RCO N\u00b0145-2022-UNAH el 09 de agosto, en los t\u00e9rminos siguientes:<\/span><\/p><p class=\"MsoNormal\" style=\"text-align: center;\"><b>Campos de la investigaci\u00f3n y el desarrollo OCDE<\/b><\/p><table width=\"636\"><tbody><tr><td width=\"161\"><strong>\u00c1rea de conocimiento<\/strong><\/td><td width=\"211\"><strong>Sub \u00e1rea<\/strong><\/td><td width=\"264\"><strong>L\u00ednea de investigaci\u00f3n UNAH<\/strong><\/td><\/tr><tr><td rowspan=\"2\">1.00.0 Ciencias Naturales<\/td><td><em>1.05.00 Ciencias de la Tierra, Ciencias Ambientales<\/em><\/td><td><strong>1.05.08 Ciencias del Medio Ambiente<\/strong><\/td><\/tr><tr><td><em>1.06.00 Biolog\u00eda<\/em><\/td><td><strong>1.06.13 Ecolog\u00eda<\/strong><\/td><\/tr><tr><td>2.00.00 Ingenier\u00eda, Tecnol\u00f3gica<\/td><td><em>2.07.00 Ingenier\u00eda Ambiental<\/em><\/td><td><strong>2.07.01 Ingenier\u00eda Ambiental y Geolog\u00eda<\/strong><\/td><\/tr><tr><td rowspan=\"3\">4.00.00 Ciencias Agr\u00edcolas<\/td><td><em>4.01.01 agricultura, Silvicultura, Pesquer\u00eda<\/em><\/td><td><strong>04.01.06 Agronom\u00eda<\/strong><\/td><\/tr><tr><td><em>4.02.00 Ciencias animal, Ciencia de Productos L\u00e1cteos<\/em><\/td><td><strong>4.02.01 Ciencias Animal, Ciencias de Productos L\u00e1cteos<\/strong><\/td><\/tr><tr><td><em>4.04.00 Biotecnolog\u00eda Agr\u00edcola<\/em><\/td><td><strong>4.04.01 Biotecnolog\u00eda Agr\u00edcola, Biotecnolog\u00eda Alimentaria<\/strong><\/td><\/tr><tr><td rowspan=\"2\">5.00.00 Ciencia Sociales<\/td><td><em>5.02.00 Econom\u00eda, Negocios<\/em><\/td><td><strong>5.02.04 Negocios. Administraci\u00f3n<\/strong><\/td><\/tr><tr><td><em>5.04.00 Sociolog\u00eda<\/em><\/td><td><strong>5.04.01 Sociolog\u00eda<\/strong><\/td><\/tr><\/tbody><\/table><p style=\"text-align: justify;\"><span style=\"color: var( --e-global-color-text ); font-family: var( --e-global-typography-text-font-family ), Sans-serif; font-weight: var( --e-global-typography-text-font-weight );\">\u00a0<\/span><\/p><p style=\"text-align: justify;\"><span style=\"color: var( --e-global-color-text ); font-family: var( --e-global-typography-text-font-family ), Sans-serif; font-weight: var( --e-global-typography-text-font-weight );\">\u00a0<\/span><\/p>\t\t\t\t\t\t\t\t<\/div>\n\t\t\t\t<\/div>\n\t\t\t\t\t<\/div>\n\t\t\t\t<\/div>\n\t\t\t\t<\/div>\n\t\t","protected":false},"excerpt":{"rendered":"<p>Con INFORME N\u00b0063-2022-UNAH\/VPI de fecha 05 de agosto se inform\u00f3 a su despacho que\u00a0mediante Resoluci\u00f3n de Vicepresidencia de Investigaci\u00f3n N\u00b0030-2022-UNAH del 28.06.2022 se\u00a0CONFORM\u00d3 el Comit\u00e9 Ad Hoc para actualizar, categorizar,&#8230;<\/p>\n","protected":false},"author":1,"featured_media":0,"parent":0,"menu_order":0,"comment_status":"closed","ping_status":"closed","template":"","meta":{"footnotes":""},"class_list":["post-15694","page","type-page","status-publish","hentry"],"_links":{"self":[{"href":"https:\/\/investigacion.unah.edu.pe\/index.php?rest_route=\/wp\/v2\/pages\/15694","targetHints":{"allow":["GET"]}}],"collection":[{"href":"https:\/\/investigacion.unah.edu.pe\/index.php?rest_route=\/wp\/v2\/pages"}],"about":[{"href":"https:\/\/investigacion.unah.edu.pe\/index.php?rest_route=\/wp\/v2\/types\/page"}],"author":[{"embeddable":true,"href":"https:\/\/investigacion.unah.edu.pe\/index.php?rest_route=\/wp\/v2\/users\/1"}],"replies":[{"embeddable":true,"href":"https:\/\/investigacion.unah.edu.pe\/index.php?rest_route=%2Fwp%2Fv2%2Fcomments&post=15694"}],"version-history":[{"count":11,"href":"https:\/\/investigacion.unah.edu.pe\/index.php?rest_route=\/wp\/v2\/pages\/15694\/revisions"}],"predecessor-version":[{"id":15709,"href":"https:\/\/investigacion.unah.edu.pe\/index.php?rest_route=\/wp\/v2\/pages\/15694\/revisions\/15709"}],"wp:attachment":[{"href":"https:\/\/investigacion.unah.edu.pe\/index.php?rest_route=%2Fwp%2Fv2%2Fmedia&parent=15694"}],"curies":[{"name":"wp","href":"https:\/\/api.w.org\/{rel}","templated":true}]}}